{"id":190,"date":"2026-03-24T12:30:07","date_gmt":"2026-03-24T12:30:07","guid":{"rendered":"https:\/\/www.bluetroop.fr\/?post_type=product&#038;p=190"},"modified":"2026-03-26T07:48:53","modified_gmt":"2026-03-26T07:48:53","slug":"bluetroop-tag-pack-x50","status":"publish","type":"product","link":"https:\/\/www.bluetroop.fr\/fr\/produit\/bluetroop-tag-pack-x50\/","title":{"rendered":"\u00c9tiquette BlueTroop (paquet de 50)"},"content":{"rendered":"<h2 data-section-id=\"1hmgiha\" data-start=\"82\" data-end=\"114\">\u2699\ufe0f Sp\u00e9cifications techniques<\/h2>\n<p data-start=\"115\" data-end=\"240\"><strong data-start=\"115\" data-end=\"130\">Technologie :<\/strong> Bluetooth Low Energy (BLE)<br data-start=\"157\" data-end=\"160\" \/><strong data-start=\"160\" data-end=\"170\">Gamme :<\/strong> jusqu'\u00e0 ~30-50 m\u00e8tres (en fonction de l'environnement)<br data-start=\"217\" data-end=\"220\" \/><strong data-start=\"220\" data-end=\"238\">Compatibilit\u00e9 :<\/strong><\/p>\n<ul data-start=\"241\" data-end=\"260\">\n<li data-section-id=\"1oj64sz\" data-start=\"241\" data-end=\"252\">Android<\/li>\n<li data-section-id=\"163aqpp\" data-start=\"253\" data-end=\"260\">iOS<\/li>\n<\/ul>\n<p data-start=\"262\" data-end=\"398\"><strong data-start=\"262\" data-end=\"277\">Connexion :<\/strong> via l'application mobile BlueTroop<br data-start=\"314\" data-end=\"317\" \/><strong data-start=\"317\" data-end=\"326\">IP67 :<\/strong> R\u00e9sistant \u00e0 la poussi\u00e8re et aux \u00e9claboussures (non \u00e9tanche - ne pas utiliser sous l'eau)<\/p>\n<hr data-start=\"400\" data-end=\"403\" \/>\n<h2 data-section-id=\"1ou26bi\" data-start=\"405\" data-end=\"420\">\ud83d\udd0b Batterie<\/h2>\n<p data-start=\"421\" data-end=\"560\"><strong data-start=\"421\" data-end=\"430\">Type :<\/strong> Pile bouton (CR2032)<br data-start=\"457\" data-end=\"460\" \/><strong data-start=\"460\" data-end=\"477\">Dur\u00e9e de vie de la batterie :<\/strong> 6 mois \u00e0 1 an selon l'utilisation<br data-start=\"515\" data-end=\"518\" \/><strong data-start=\"518\" data-end=\"534\">Remplacement :<\/strong> Facile, aucun outil n'est n\u00e9cessaire<\/p>\n<hr data-start=\"562\" data-end=\"565\" \/>\n<h2 data-section-id=\"18hvl6h\" data-start=\"567\" data-end=\"587\">\ud83d\udcf1 Caract\u00e9ristiques principales<\/h2>\n<p data-start=\"588\" data-end=\"774\">\u2705 Comptage automatique des participants<br data-start=\"620\" data-end=\"623\" \/>\u26a0\ufe0f Alerte instantan\u00e9e en cas d'absence d'une \u00e9tiquette<br data-start=\"661\" data-end=\"664\" \/>\ud83d\udd04 Notification lorsque le groupe est \u00e0 nouveau complet<br data-start=\"712\" data-end=\"715\" \/>\ud83d\udcca Suivi en temps r\u00e9el via l'application<br data-start=\"750\" data-end=\"753\" \/>\ud83d\udc65 Gestion de groupe<\/p>\n<hr data-start=\"776\" data-end=\"779\" \/>\n<h2 data-section-id=\"76b74u\" data-start=\"781\" data-end=\"805\">\ud83d\udce6 Contenu de l'emballage<\/h2>\n<ul data-start=\"806\" data-end=\"864\">\n<li data-section-id=\"hmt6c7\" data-start=\"806\" data-end=\"829\">50 \u00d7 BlueTroop Tags<\/li>\n<li data-section-id=\"txne5a\" data-start=\"830\" data-end=\"864\">50 \u00d7 Batteries (pre-installed)<\/li>\n<\/ul>\n<hr data-start=\"866\" data-end=\"869\" \/>\n<h2 data-section-id=\"15hw9eu\" data-start=\"871\" data-end=\"893\">\ud83d\udccf Conception et utilisation<\/h2>\n<ul data-start=\"894\" data-end=\"1006\">\n<li data-section-id=\"1wydj16\" data-start=\"894\" data-end=\"921\">Compact et l\u00e9ger<\/li>\n<li data-section-id=\"1w6k2rq\" data-start=\"922\" data-end=\"961\">Facile \u00e0 transporter (badge, poche, sac...)<\/li>\n<li data-section-id=\"g1mcgi\" data-start=\"962\" data-end=\"1006\">Convient \u00e0 une utilisation int\u00e9rieure et ext\u00e9rieure<\/li>\n<\/ul>\n<hr data-start=\"1008\" data-end=\"1011\" \/>\n<h2 data-section-id=\"1m98lmj\" data-start=\"1013\" data-end=\"1034\">\ud83d\udee0\ufe0f Exigences<\/h2>\n<ul data-start=\"1035\" data-end=\"1100\">\n<li data-section-id=\"7kv75o\" data-start=\"1035\" data-end=\"1072\">Smartphone avec Bluetooth<\/li>\n<li data-section-id=\"uxm0dd\" data-start=\"1073\" data-end=\"1100\">L'application BlueTroop est install\u00e9e<\/li>\n<\/ul>\n<p data-start=\"1102\" data-end=\"1190\">Nous vous recommandons d'installer l'application avant d'acheter pour vous assurer que votre appareil est compatible.<\/p>\n<hr data-start=\"1192\" data-end=\"1195\" \/>\n<h2 data-section-id=\"1q57ctv\" data-start=\"1197\" data-end=\"1221\">\ud83c\udfaf Utilisations recommand\u00e9es<\/h2>\n<ul data-start=\"1222\" data-end=\"1320\">\n<li data-section-id=\"1ry6mts\" data-start=\"1222\" data-end=\"1238\">Voyages scolaires<\/li>\n<li data-section-id=\"u16qmx\" data-start=\"1239\" data-end=\"1255\">Visites guid\u00e9es<\/li>\n<li data-section-id=\"amzzff\" data-start=\"1256\" data-end=\"1283\">Groupes de voyageurs organis\u00e9s<\/li>\n<li data-section-id=\"v76o1\" data-start=\"1284\" data-end=\"1303\">Centres de loisirs<\/li>\n<li data-section-id=\"qtohxk\" data-start=\"1304\" data-end=\"1320\">Groupes d'\u00e9v\u00e9nements<\/li>\n<\/ul>\n<hr data-start=\"1322\" data-end=\"1325\" \/>\n<h2 data-section-id=\"1onpp0g\" data-start=\"1327\" data-end=\"1356\">\u26a0\ufe0f Informations importantes<\/h2>\n<ul data-start=\"1357\" data-end=\"1479\">\n<li data-section-id=\"adl8ie\" data-start=\"1357\" data-end=\"1395\">Ne remplace pas la supervision humaine<\/li>\n<li data-section-id=\"1o437cw\" data-start=\"1396\" data-end=\"1479\">La port\u00e9e du Bluetooth peut varier en fonction de l'environnement (murs, foule, interf\u00e9rences).<\/li>\n<\/ul>","protected":false},"excerpt":{"rendered":"<p data-start=\"164\" data-end=\"338\">Les balises BlueTroop permettent de compter facilement les membres d'un groupe \u00e0 l'aide de Bluetooth.\u00a0<br data-start=\"67\" data-end=\"70\" \/>Pack of 50.<\/p>","protected":false},"featured_media":188,"comment_status":"open","ping_status":"closed","template":"","meta":[],"product_brand":[17],"product_cat":[15],"product_tag":[18],"class_list":{"0":"post-190","1":"product","2":"type-product","3":"status-publish","4":"has-post-thumbnail","6":"product_brand-bluetroop","7":"product_cat-bluetroop-tag","8":"product_tag-tag-bluetroop","9":"product_shipping_class-produits","11":"first","12":"instock","13":"taxable","14":"shipping-taxable","15":"purchasable","16":"product-type-simple"},"_links":{"self":[{"href":"https:\/\/www.bluetroop.fr\/fr\/wp-json\/wp\/v2\/product\/190","targetHints":{"allow":["GET"]}}],"collection":[{"href":"https:\/\/www.bluetroop.fr\/fr\/wp-json\/wp\/v2\/product"}],"about":[{"href":"https:\/\/www.bluetroop.fr\/fr\/wp-json\/wp\/v2\/types\/product"}],"replies":[{"embeddable":true,"href":"https:\/\/www.bluetroop.fr\/fr\/wp-json\/wp\/v2\/comments?post=190"}],"wp:featuredmedia":[{"embeddable":true,"href":"https:\/\/www.bluetroop.fr\/fr\/wp-json\/wp\/v2\/media\/188"}],"wp:attachment":[{"href":"https:\/\/www.bluetroop.fr\/fr\/wp-json\/wp\/v2\/media?parent=190"}],"wp:term":[{"taxonomy":"product_brand","embeddable":true,"href":"https:\/\/www.bluetroop.fr\/fr\/wp-json\/wp\/v2\/product_brand?post=190"},{"taxonomy":"product_cat","embeddable":true,"href":"https:\/\/www.bluetroop.fr\/fr\/wp-json\/wp\/v2\/product_cat?post=190"},{"taxonomy":"product_tag","embeddable":true,"href":"https:\/\/www.bluetroop.fr\/fr\/wp-json\/wp\/v2\/product_tag?post=190"}],"curies":[{"name":"wp","href":"https:\/\/api.w.org\/{rel}","templated":true}]}}