{"id":96,"date":"2026-03-14T07:11:47","date_gmt":"2026-03-14T07:11:47","guid":{"rendered":"https:\/\/www.bluetroop.fr\/?page_id=96"},"modified":"2026-03-27T18:48:43","modified_gmt":"2026-03-27T18:48:43","slug":"use-cases","status":"publish","type":"page","link":"https:\/\/www.bluetroop.fr\/fr\/cas-dutilisation\/","title":{"rendered":"Cas d'utilisation et fonctionnement"},"content":{"rendered":"<p><em>Les diagrammes ci-dessous ne repr\u00e9sentent pas exactement la conception de l'application, mais ils illustrent son fonctionnement.<\/em><\/p>\n\n\n\n<h2 class=\"wp-block-heading\">\ud83d\udd39 1. H\u00e9ros<\/h2>\n\n\n\n<p>BlueTroop vous aide \u00e0 surveiller votre groupe en temps r\u00e9el \u00e0 l'aide de balises Bluetooth intelligentes. Sachez instantan\u00e9ment qui est pr\u00e9sent, qui manque et quand votre groupe est complet.<\/p>\n\n\n\n<figure class=\"wp-block-image size-large\"><img loading=\"lazy\" decoding=\"async\" width=\"1024\" height=\"683\" src=\"https:\/\/www.bluetroop.fr\/wp-content\/uploads\/2026\/03\/use1-1024x683.png\" alt=\"\" class=\"wp-image-219\" srcset=\"https:\/\/www.bluetroop.fr\/wp-content\/uploads\/2026\/03\/use1-1024x683.png 1024w, https:\/\/www.bluetroop.fr\/wp-content\/uploads\/2026\/03\/use1-300x200.png 300w, https:\/\/www.bluetroop.fr\/wp-content\/uploads\/2026\/03\/use1-768x512.png 768w, https:\/\/www.bluetroop.fr\/wp-content\/uploads\/2026\/03\/use1-18x12.png 18w, https:\/\/www.bluetroop.fr\/wp-content\/uploads\/2026\/03\/use1-600x400.png 600w, https:\/\/www.bluetroop.fr\/wp-content\/uploads\/2026\/03\/use1.png 1536w\" sizes=\"auto, (max-width: 1024px) 100vw, 1024px\" \/><\/figure>\n\n\n\n<hr class=\"wp-block-separator has-alpha-channel-opacity\"\/>\n\n\n\n<h2 class=\"wp-block-heading\">\ud83d\udd39 2. Comment \u00e7a marche <\/h2>\n\n\n\n<h3 class=\"wp-block-heading\">1. Equipez votre groupe<\/h3>\n\n\n\n<p>Chaque participant porte une petite \u00e9tiquette Bluetooth (dans sa poche, son badge ou son sac).<\/p>\n\n\n\n<h3 class=\"wp-block-heading\">2. Scannez votre groupe<\/h3>\n\n\n\n<p>Le guide ouvre l'application BlueTroop et commence \u00e0 scanner les balises \u00e0 proximit\u00e9.<\/p>\n\n\n\n<h3 class=\"wp-block-heading\">3. Obtenir un retour d'information instantan\u00e9<\/h3>\n\n\n\n<ul class=\"wp-block-list\">\n<li>Les membres pr\u00e9sents sont d\u00e9tect\u00e9s automatiquement<\/li>\n\n\n\n<li>\u26a0\ufe0f Les membres manquants sont imm\u00e9diatement signal\u00e9s.<\/li>\n\n\n\n<li>\ud83d\udfe2 Vous \u00eates notifi\u00e9 lorsque le groupe est complet<\/li>\n<\/ul>\n\n\n\n<p>\ud83d\udc49 Aucun comptage manuel n'est n\u00e9cessaire.<\/p>\n\n\n\n<figure class=\"wp-block-image size-large\"><img loading=\"lazy\" decoding=\"async\" width=\"1024\" height=\"683\" src=\"https:\/\/www.bluetroop.fr\/wp-content\/uploads\/2026\/03\/use2-1024x683.png\" alt=\"\" class=\"wp-image-220\" srcset=\"https:\/\/www.bluetroop.fr\/wp-content\/uploads\/2026\/03\/use2-1024x683.png 1024w, https:\/\/www.bluetroop.fr\/wp-content\/uploads\/2026\/03\/use2-300x200.png 300w, https:\/\/www.bluetroop.fr\/wp-content\/uploads\/2026\/03\/use2-768x512.png 768w, https:\/\/www.bluetroop.fr\/wp-content\/uploads\/2026\/03\/use2-18x12.png 18w, https:\/\/www.bluetroop.fr\/wp-content\/uploads\/2026\/03\/use2-600x400.png 600w, https:\/\/www.bluetroop.fr\/wp-content\/uploads\/2026\/03\/use2.png 1536w\" sizes=\"auto, (max-width: 1024px) 100vw, 1024px\" \/><\/figure>\n\n\n\n<hr class=\"wp-block-separator has-alpha-channel-opacity\"\/>\n\n\n\n<h2 class=\"wp-block-heading\">\ud83d\udd39 3. Caract\u00e9ristiques principales <\/h2>\n\n\n\n<h3 class=\"wp-block-heading\">\ud83d\udce1 Contr\u00f4le en temps r\u00e9el<\/h3>\n\n\n\n<p>L'application scrute en permanence les tags \u00e0 proximit\u00e9 et les met \u00e0 jour :<\/p>\n\n\n\n<ul class=\"wp-block-list\">\n<li>Tags trouv\u00e9s<\/li>\n\n\n\n<li>Balises manquantes<\/li>\n\n\n\n<li>Balises cach\u00e9es \/ hors de port\u00e9e<\/li>\n<\/ul>\n\n\n\n<hr class=\"wp-block-separator has-alpha-channel-opacity\"\/>\n\n\n\n<h3 class=\"wp-block-heading\">\u26a0\ufe0f Alertes instantan\u00e9es<\/h3>\n\n\n\n<p>Recevez une notification imm\u00e9diate lorsque :<\/p>\n\n\n\n<ul class=\"wp-block-list\">\n<li>Un participant quitte le groupe<\/li>\n\n\n\n<li>Une \u00e9tiquette dispara\u00eet<\/li>\n\n\n\n<li>Le groupe devient incomplet<\/li>\n<\/ul>\n\n\n\n<hr class=\"wp-block-separator has-alpha-channel-opacity\"\/>\n\n\n\n<h3 class=\"wp-block-heading\">\ud83d\udd04 R\u00e9cup\u00e9ration intelligente<\/h3>\n\n\n\n<p>Quand une personne disparue revient :<\/p>\n\n\n\n<ul class=\"wp-block-list\">\n<li>D\u00e9tection automatique<\/li>\n\n\n\n<li>Confirmation instantan\u00e9e<\/li>\n\n\n\n<li>Statut mis \u00e0 jour \u00e0 complet<\/li>\n<\/ul>\n\n\n\n<hr class=\"wp-block-separator has-alpha-channel-opacity\"\/>\n\n\n\n<h3 class=\"wp-block-heading\">\ud83d\udc65 Gestion de groupe<\/h3>\n\n\n\n<ul class=\"wp-block-list\">\n<li>Cr\u00e9er plusieurs groupes<\/li>\n\n\n\n<li>Attribuer facilement des \u00e9tiquettes<\/li>\n\n\n\n<li>Contr\u00f4ler plusieurs groupes de mani\u00e8re ind\u00e9pendante<\/li>\n<\/ul>\n\n\n\n<figure class=\"wp-block-image size-large\"><img loading=\"lazy\" decoding=\"async\" width=\"1024\" height=\"683\" src=\"https:\/\/www.bluetroop.fr\/wp-content\/uploads\/2026\/03\/use3-1024x683.png\" alt=\"\" class=\"wp-image-221\" srcset=\"https:\/\/www.bluetroop.fr\/wp-content\/uploads\/2026\/03\/use3-1024x683.png 1024w, https:\/\/www.bluetroop.fr\/wp-content\/uploads\/2026\/03\/use3-300x200.png 300w, https:\/\/www.bluetroop.fr\/wp-content\/uploads\/2026\/03\/use3-768x512.png 768w, https:\/\/www.bluetroop.fr\/wp-content\/uploads\/2026\/03\/use3-18x12.png 18w, https:\/\/www.bluetroop.fr\/wp-content\/uploads\/2026\/03\/use3-600x400.png 600w, https:\/\/www.bluetroop.fr\/wp-content\/uploads\/2026\/03\/use3.png 1536w\" sizes=\"auto, (max-width: 1024px) 100vw, 1024px\" \/><\/figure>\n\n\n\n<hr class=\"wp-block-separator has-alpha-channel-opacity\"\/>\n\n\n\n<h2 class=\"wp-block-heading\">\ud83d\udd39 4. Cas d'utilisation<\/h2>\n\n\n\n<h3 class=\"wp-block-heading\">\ud83c\udfdb\ufe0f Visites guid\u00e9es<\/h3>\n\n\n\n<p>Parfait pour les guides touristiques qui g\u00e8rent des groupes :<\/p>\n\n\n\n<ul class=\"wp-block-list\">\n<li>Mus\u00e9es<\/li>\n\n\n\n<li>Villes<\/li>\n\n\n\n<li>Sites historiques<\/li>\n<\/ul>\n\n\n\n<p>\ud83d\udc49 Plus besoin de compter les t\u00eates. Concentrez-vous sur l'exp\u00e9rience.<\/p>\n\n\n\n<figure class=\"wp-block-image size-large\"><img loading=\"lazy\" decoding=\"async\" width=\"1024\" height=\"683\" src=\"https:\/\/www.bluetroop.fr\/wp-content\/uploads\/2026\/03\/use6-1024x683.png\" alt=\"\" class=\"wp-image-225\" srcset=\"https:\/\/www.bluetroop.fr\/wp-content\/uploads\/2026\/03\/use6-1024x683.png 1024w, https:\/\/www.bluetroop.fr\/wp-content\/uploads\/2026\/03\/use6-300x200.png 300w, https:\/\/www.bluetroop.fr\/wp-content\/uploads\/2026\/03\/use6-768x512.png 768w, https:\/\/www.bluetroop.fr\/wp-content\/uploads\/2026\/03\/use6-18x12.png 18w, https:\/\/www.bluetroop.fr\/wp-content\/uploads\/2026\/03\/use6-600x400.png 600w, https:\/\/www.bluetroop.fr\/wp-content\/uploads\/2026\/03\/use6.png 1536w\" sizes=\"auto, (max-width: 1024px) 100vw, 1024px\" \/><\/figure>\n\n\n\n<hr class=\"wp-block-separator has-alpha-channel-opacity\"\/>\n\n\n\n<h3 class=\"wp-block-heading\">\ud83c\udf92 Voyages scolaires<\/h3>\n\n\n\n<p>Les enseignants peuvent :<\/p>\n\n\n\n<ul class=\"wp-block-list\">\n<li>S'assurer que tous les \u00e9l\u00e8ves sont pr\u00e9sents<\/li>\n\n\n\n<li>D\u00e9tecter instantan\u00e9ment les \u00e9l\u00e8ves manquants<\/li>\n\n\n\n<li>Ne pas se stresser pendant les sorties<\/li>\n<\/ul>\n\n\n\n<hr class=\"wp-block-separator has-alpha-channel-opacity\"\/>\n\n\n\n<h3 class=\"wp-block-heading\">\ud83d\ude8c Transport et embarquement<\/h3>\n\n\n\n<p>Id\u00e9al pour :<\/p>\n\n\n\n<ul class=\"wp-block-list\">\n<li>Chargement des bus<\/li>\n\n\n\n<li>D\u00e9parts du groupe<\/li>\n<\/ul>\n\n\n\n<p>\ud83d\udc49 Savoir exactement quand tout le monde est \u00e0 bord.<\/p>\n\n\n\n<hr class=\"wp-block-separator has-alpha-channel-opacity\"\/>\n\n\n\n<h3 class=\"wp-block-heading\">\ud83c\udfd5\ufe0f Activit\u00e9s de plein air<\/h3>\n\n\n\n<p>Id\u00e9al pour :<\/p>\n\n\n\n<ul class=\"wp-block-list\">\n<li>Groupes de randonneurs<\/li>\n\n\n\n<li>Camps<\/li>\n\n\n\n<li>Ev\u00e9nements<\/li>\n<\/ul>\n\n\n\n<p>\ud83d\udc49 M\u00eame dans des environnements encombr\u00e9s ou ouverts.<\/p>\n\n\n\n<hr class=\"wp-block-separator has-alpha-channel-opacity\"\/>\n\n\n\n<h3 class=\"wp-block-heading\">\ud83c\udfaa \u00c9v\u00e9nements et grands groupes<\/h3>\n\n\n\n<p>G\u00e9rer :<\/p>\n\n\n\n<ul class=\"wp-block-list\">\n<li>Grands groupes<\/li>\n\n\n\n<li>Sous-groupes multiples<\/li>\n\n\n\n<li>Environnements dynamiques<\/li>\n<\/ul>\n\n\n\n<figure class=\"wp-block-image size-large\"><img loading=\"lazy\" decoding=\"async\" width=\"1024\" height=\"683\" src=\"https:\/\/www.bluetroop.fr\/wp-content\/uploads\/2026\/03\/use4-1024x683.png\" alt=\"\" class=\"wp-image-222\" srcset=\"https:\/\/www.bluetroop.fr\/wp-content\/uploads\/2026\/03\/use4-1024x683.png 1024w, https:\/\/www.bluetroop.fr\/wp-content\/uploads\/2026\/03\/use4-300x200.png 300w, https:\/\/www.bluetroop.fr\/wp-content\/uploads\/2026\/03\/use4-768x512.png 768w, https:\/\/www.bluetroop.fr\/wp-content\/uploads\/2026\/03\/use4-18x12.png 18w, https:\/\/www.bluetroop.fr\/wp-content\/uploads\/2026\/03\/use4-600x400.png 600w, https:\/\/www.bluetroop.fr\/wp-content\/uploads\/2026\/03\/use4.png 1536w\" sizes=\"auto, (max-width: 1024px) 100vw, 1024px\" \/><\/figure>\n\n\n\n<hr class=\"wp-block-separator has-alpha-channel-opacity\"\/>\n\n\n\n<h2 class=\"wp-block-heading\">\ud83d\udd39 5. Sc\u00e9nario concret<\/h2>\n\n\n\n<h3 class=\"wp-block-heading\">Exemple : Visite d'un mus\u00e9e<\/h3>\n\n\n\n<ol class=\"wp-block-list\">\n<li>Le guide attribue une \u00e9tiquette \u00e0 chaque visiteur<\/li>\n\n\n\n<li>Le groupe entre dans le mus\u00e9e<\/li>\n\n\n\n<li>Une personne reste en arri\u00e8re<\/li>\n<\/ol>\n\n\n\n<p>\ud83d\udc49 L'application montre :<br>\u26a0\ufe0f <em>1 manquant<\/em><\/p>\n\n\n\n<ol start=\"4\" class=\"wp-block-list\">\n<li>Le guide r\u00e9agit imm\u00e9diatement<\/li>\n\n\n\n<li>La personne revient<\/li>\n<\/ol>\n\n\n\n<p>\ud83d\udc49 L'application montre :<br>\ud83d\udfe2 <em>Groupe complet<\/em><\/p>\n\n\n\n<figure class=\"wp-block-image size-large\"><img loading=\"lazy\" decoding=\"async\" width=\"1024\" height=\"576\" src=\"https:\/\/www.bluetroop.fr\/wp-content\/uploads\/2026\/03\/use5-1024x576.png\" alt=\"\" class=\"wp-image-224\" srcset=\"https:\/\/www.bluetroop.fr\/wp-content\/uploads\/2026\/03\/use5-1024x576.png 1024w, https:\/\/www.bluetroop.fr\/wp-content\/uploads\/2026\/03\/use5-300x169.png 300w, https:\/\/www.bluetroop.fr\/wp-content\/uploads\/2026\/03\/use5-768x432.png 768w, https:\/\/www.bluetroop.fr\/wp-content\/uploads\/2026\/03\/use5-1536x864.png 1536w, https:\/\/www.bluetroop.fr\/wp-content\/uploads\/2026\/03\/use5-18x10.png 18w, https:\/\/www.bluetroop.fr\/wp-content\/uploads\/2026\/03\/use5-600x338.png 600w, https:\/\/www.bluetroop.fr\/wp-content\/uploads\/2026\/03\/use5.png 1671w\" sizes=\"auto, (max-width: 1024px) 100vw, 1024px\" \/><\/figure>\n\n\n\n<hr class=\"wp-block-separator has-alpha-channel-opacity\"\/>\n\n\n\n<h2 class=\"wp-block-heading\">\ud83d\udd39 6. Pourquoi c'est mieux que le comptage manuel<\/h2>\n\n\n\n<figure class=\"wp-block-table\"><table class=\"has-fixed-layout\"><thead><tr><th>Comptage manuel<\/th><th>BlueTroop<\/th><\/tr><\/thead><tbody><tr><td>Temps de travail<\/td><td>Instantan\u00e9<\/td><\/tr><tr><td>Susceptible d'erreurs<\/td><td>Fiable<\/td><\/tr><tr><td>Stressant<\/td><td>Tranquillit\u00e9 d'esprit<\/td><\/tr><tr><td>Pas d'alertes<\/td><td>Alertes en temps r\u00e9el<\/td><\/tr><\/tbody><\/table><\/figure>\n\n\n\n<p><\/p>","protected":false},"excerpt":{"rendered":"<p>The diagrams below do not exactly represent the app\u2019s design, but they illustrate how it works. \ud83d\udd39 1. Hero BlueTroop helps you monitor your group in real time using smart Bluetooth tags. Instantly know who\u2019s present, who\u2019s missing, and when your group is complete. \ud83d\udd39 2. How it works 1. Equip your group Each participant [&hellip;]<\/p>\n","protected":false},"author":1,"featured_media":0,"parent":0,"menu_order":0,"comment_status":"closed","ping_status":"closed","template":"","meta":{"footnotes":""},"class_list":["post-96","page","type-page","status-publish","hentry"],"_links":{"self":[{"href":"https:\/\/www.bluetroop.fr\/fr\/wp-json\/wp\/v2\/pages\/96","targetHints":{"allow":["GET"]}}],"collection":[{"href":"https:\/\/www.bluetroop.fr\/fr\/wp-json\/wp\/v2\/pages"}],"about":[{"href":"https:\/\/www.bluetroop.fr\/fr\/wp-json\/wp\/v2\/types\/page"}],"author":[{"embeddable":true,"href":"https:\/\/www.bluetroop.fr\/fr\/wp-json\/wp\/v2\/users\/1"}],"replies":[{"embeddable":true,"href":"https:\/\/www.bluetroop.fr\/fr\/wp-json\/wp\/v2\/comments?post=96"}],"version-history":[{"count":7,"href":"https:\/\/www.bluetroop.fr\/fr\/wp-json\/wp\/v2\/pages\/96\/revisions"}],"predecessor-version":[{"id":226,"href":"https:\/\/www.bluetroop.fr\/fr\/wp-json\/wp\/v2\/pages\/96\/revisions\/226"}],"wp:attachment":[{"href":"https:\/\/www.bluetroop.fr\/fr\/wp-json\/wp\/v2\/media?parent=96"}],"curies":[{"name":"wp","href":"https:\/\/api.w.org\/{rel}","templated":true}]}}