{"id":191,"date":"2026-03-24T12:32:19","date_gmt":"2026-03-24T12:32:19","guid":{"rendered":"https:\/\/www.bluetroop.fr\/?post_type=product&#038;p=191"},"modified":"2026-03-26T07:46:28","modified_gmt":"2026-03-26T07:46:28","slug":"bluetroop-tag-pack-x100","status":"publish","type":"product","link":"https:\/\/www.bluetroop.fr\/es\/producto\/bluetroop-tag-pack-x100\/","title":{"rendered":"BlueTroop Tag (Pack x100)"},"content":{"rendered":"<h2 data-section-id=\"1hmgiha\" data-start=\"82\" data-end=\"114\">\u2699\ufe0f Especificaciones t\u00e9cnicas<\/h2>\n<p data-start=\"115\" data-end=\"240\"><strong data-start=\"115\" data-end=\"130\">Tecnolog\u00eda:<\/strong> Bluetooth de baja energ\u00eda (BLE)<br data-start=\"157\" data-end=\"160\" \/><strong data-start=\"160\" data-end=\"170\">Alcance:<\/strong> hasta ~30-50 metros (dependiendo del entorno)<br data-start=\"217\" data-end=\"220\" \/><strong data-start=\"220\" data-end=\"238\">Compatibilidad:<\/strong><\/p>\n<ul data-start=\"241\" data-end=\"260\">\n<li data-section-id=\"1oj64sz\" data-start=\"241\" data-end=\"252\">Android<\/li>\n<li data-section-id=\"163aqpp\" data-start=\"253\" data-end=\"260\">iOS<\/li>\n<\/ul>\n<p data-start=\"262\" data-end=\"398\"><strong data-start=\"262\" data-end=\"277\">Conexi\u00f3n:<\/strong> a trav\u00e9s de la aplicaci\u00f3n m\u00f3vil BlueTroop<br data-start=\"314\" data-end=\"317\" \/><strong data-start=\"317\" data-end=\"326\">IP67:<\/strong> Resistente al polvo y a las salpicaduras (no impermeable; no utilizar bajo el agua)<\/p>\n<hr data-start=\"400\" data-end=\"403\" \/>\n<h2 data-section-id=\"1ou26bi\" data-start=\"405\" data-end=\"420\">Bater\u00eda \ud83d\udd0b .<\/h2>\n<p data-start=\"421\" data-end=\"560\"><strong data-start=\"421\" data-end=\"430\">Tipo:<\/strong> Pila de bot\u00f3n (CR2032)<br data-start=\"457\" data-end=\"460\" \/><strong data-start=\"460\" data-end=\"477\">Duraci\u00f3n de la bater\u00eda:<\/strong> De 6 meses a 1 a\u00f1o seg\u00fan el uso<br data-start=\"515\" data-end=\"518\" \/><strong data-start=\"518\" data-end=\"534\">Sustituci\u00f3n:<\/strong> F\u00e1cil, no se necesitan herramientas<\/p>\n<hr data-start=\"562\" data-end=\"565\" \/>\n<h2 data-section-id=\"18hvl6h\" data-start=\"567\" data-end=\"587\">Caracter\u00edsticas principales<\/h2>\n<p data-start=\"588\" data-end=\"774\">\u2705 Recuento autom\u00e1tico de participantes<br data-start=\"620\" data-end=\"623\" \/>\u26a0\ufe0f Alerta instant\u00e1nea cuando falta una etiqueta<br data-start=\"661\" data-end=\"664\" \/>\ud83d\udd04 Notificaci\u00f3n cuando el grupo vuelve a estar completo<br data-start=\"712\" data-end=\"715\" \/>\ud83d\udcca Supervisi\u00f3n en tiempo real a trav\u00e9s de la app<br data-start=\"750\" data-end=\"753\" \/>\ud83d\udc65 Gesti\u00f3n de grupos<\/p>\n<hr data-start=\"776\" data-end=\"779\" \/>\n<h2 data-section-id=\"76b74u\" data-start=\"781\" data-end=\"805\">Contenido del paquete<\/h2>\n<ul data-start=\"806\" data-end=\"864\">\n<li data-section-id=\"hmt6c7\" data-start=\"806\" data-end=\"829\">100 \u00d7 BlueTroop Tags<\/li>\n<li data-section-id=\"txne5a\" data-start=\"830\" data-end=\"864\">100 \u00d7 Batteries (pre-installed)<\/li>\n<\/ul>\n<hr data-start=\"866\" data-end=\"869\" \/>\n<h2 data-section-id=\"15hw9eu\" data-start=\"871\" data-end=\"893\">\ud83d\udccf Dise\u00f1o y uso<\/h2>\n<ul data-start=\"894\" data-end=\"1006\">\n<li data-section-id=\"1wydj16\" data-start=\"894\" data-end=\"921\">Compacto y ligero<\/li>\n<li data-section-id=\"1w6k2rq\" data-start=\"922\" data-end=\"961\">F\u00e1cil de transportar (placa, bolsillo, bolso...)<\/li>\n<li data-section-id=\"g1mcgi\" data-start=\"962\" data-end=\"1006\">Apto para uso en interiores y exteriores<\/li>\n<\/ul>\n<hr data-start=\"1008\" data-end=\"1011\" \/>\n<h2 data-section-id=\"1m98lmj\" data-start=\"1013\" data-end=\"1034\">\ud83d\udee0\ufe0f Requisitos<\/h2>\n<ul data-start=\"1035\" data-end=\"1100\">\n<li data-section-id=\"7kv75o\" data-start=\"1035\" data-end=\"1072\">Smartphone con Bluetooth activado<\/li>\n<li data-section-id=\"uxm0dd\" data-start=\"1073\" data-end=\"1100\">Aplicaci\u00f3n BlueTroop instalada<\/li>\n<\/ul>\n<p data-start=\"1102\" data-end=\"1190\">Te recomendamos que instales la aplicaci\u00f3n antes de comprar para asegurarte de que tu dispositivo es compatible.<\/p>\n<hr data-start=\"1192\" data-end=\"1195\" \/>\n<h2 data-section-id=\"1q57ctv\" data-start=\"1197\" data-end=\"1221\">\ud83c\udfaf Usos recomendados<\/h2>\n<ul data-start=\"1222\" data-end=\"1320\">\n<li data-section-id=\"1ry6mts\" data-start=\"1222\" data-end=\"1238\">Viajes escolares<\/li>\n<li data-section-id=\"u16qmx\" data-start=\"1239\" data-end=\"1255\">Visitas guiadas<\/li>\n<li data-section-id=\"amzzff\" data-start=\"1256\" data-end=\"1283\">Grupos de viaje organizados<\/li>\n<li data-section-id=\"v76o1\" data-start=\"1284\" data-end=\"1303\">Centros de ocio<\/li>\n<li data-section-id=\"qtohxk\" data-start=\"1304\" data-end=\"1320\">Grupos de eventos<\/li>\n<\/ul>\n<hr data-start=\"1322\" data-end=\"1325\" \/>\n<h2 data-section-id=\"1onpp0g\" data-start=\"1327\" data-end=\"1356\">\u26a0\ufe0f Informaci\u00f3n importante<\/h2>\n<ul data-start=\"1357\" data-end=\"1479\">\n<li data-section-id=\"adl8ie\" data-start=\"1357\" data-end=\"1395\">No sustituye a la supervisi\u00f3n humana<\/li>\n<li data-section-id=\"1o437cw\" data-start=\"1396\" data-end=\"1479\">El alcance del Bluetooth puede variar en funci\u00f3n del entorno (paredes, aglomeraciones, interferencias)<\/li>\n<\/ul>","protected":false},"excerpt":{"rendered":"<p data-start=\"164\" data-end=\"338\">Las etiquetas BlueTroop facilitan el recuento de los miembros del grupo mediante Bluetooth.\u00a0<br data-start=\"67\" data-end=\"70\" \/>Pack of 100.<\/p>","protected":false},"featured_media":188,"comment_status":"open","ping_status":"closed","template":"","meta":[],"product_brand":[17],"product_cat":[15],"product_tag":[18],"class_list":{"0":"post-191","1":"product","2":"type-product","3":"status-publish","4":"has-post-thumbnail","6":"product_brand-bluetroop","7":"product_cat-bluetroop-tag","8":"product_tag-tag-bluetroop","9":"product_shipping_class-produits","11":"first","12":"instock","13":"taxable","14":"shipping-taxable","15":"purchasable","16":"product-type-simple"},"_links":{"self":[{"href":"https:\/\/www.bluetroop.fr\/es\/wp-json\/wp\/v2\/product\/191","targetHints":{"allow":["GET"]}}],"collection":[{"href":"https:\/\/www.bluetroop.fr\/es\/wp-json\/wp\/v2\/product"}],"about":[{"href":"https:\/\/www.bluetroop.fr\/es\/wp-json\/wp\/v2\/types\/product"}],"replies":[{"embeddable":true,"href":"https:\/\/www.bluetroop.fr\/es\/wp-json\/wp\/v2\/comments?post=191"}],"wp:featuredmedia":[{"embeddable":true,"href":"https:\/\/www.bluetroop.fr\/es\/wp-json\/wp\/v2\/media\/188"}],"wp:attachment":[{"href":"https:\/\/www.bluetroop.fr\/es\/wp-json\/wp\/v2\/media?parent=191"}],"wp:term":[{"taxonomy":"product_brand","embeddable":true,"href":"https:\/\/www.bluetroop.fr\/es\/wp-json\/wp\/v2\/product_brand?post=191"},{"taxonomy":"product_cat","embeddable":true,"href":"https:\/\/www.bluetroop.fr\/es\/wp-json\/wp\/v2\/product_cat?post=191"},{"taxonomy":"product_tag","embeddable":true,"href":"https:\/\/www.bluetroop.fr\/es\/wp-json\/wp\/v2\/product_tag?post=191"}],"curies":[{"name":"wp","href":"https:\/\/api.w.org\/{rel}","templated":true}]}}